{"id":15,"date":"2022-10-30T08:10:39","date_gmt":"2022-10-30T08:10:39","guid":{"rendered":"https:\/\/tecnofisio.com.ar\/home\/?post_type=product&#038;p=15"},"modified":"2024-01-22T17:24:15","modified_gmt":"2024-01-22T17:24:15","slug":"cintamagnetica","status":"publish","type":"product","link":"https:\/\/tecnofisio.com.ar\/home\/?product=cintamagnetica","title":{"rendered":"EMG One Biofeedback"},"content":{"rendered":"<h2>Descripci\u00f3n<\/h2>\n<div id=\"panel1\" class=\"content active\" aria-hidden=\"false\">\n<ul>\n<li>Una soluci\u00f3n pr\u00e1ctica y motivadora para la terapia de rehabilitaci\u00f3n<\/li>\n<li>Emg One es un dispositivo port\u00e1til, dise\u00f1ado para que los pacientes puedan utilizarlo en casa o donde quiera que se encuentren. Es simple, l\u00fadico y robusto.<\/li>\n<li>Emg One te permitir\u00e1 implementar un sistema \u00fanico de Telerehabilitaci\u00f3n en tu consulta, aumentando la efectividad y valor de cada tratamiento.<\/li>\n<\/ul>\n<section class=\"elementor-section elementor-inner-section elementor-element elementor-element-84d7b42 elementor-section-boxed elementor-section-height-default elementor-section-height-default\" data-id=\"84d7b42\" data-element_type=\"section\">\n<div class=\"elementor-container elementor-column-gap-default\">\n<div class=\"elementor-column elementor-col-100 elementor-inner-column elementor-element elementor-element-6f27701\" data-id=\"6f27701\" data-element_type=\"column\">\n<div class=\"elementor-widget-wrap elementor-element-populated\">\n<div class=\"elementor-element elementor-element-5c8492d elementor-widget elementor-widget-heading\" data-id=\"5c8492d\" data-element_type=\"widget\" data-widget_type=\"heading.default\">\n<div class=\"elementor-widget-container\">\n<h4 class=\"elementor-heading-title elementor-size-default\">EMG One est\u00e1 formado por 3 componentes:<\/h4>\n<\/div>\n<\/div>\n<\/div>\n<\/div>\n<\/div>\n<\/section>\n<section class=\"elementor-section elementor-inner-section elementor-element elementor-element-c860cfc elementor-section-boxed elementor-section-height-default elementor-section-height-default\" data-id=\"c860cfc\" data-element_type=\"section\">\n<div class=\"elementor-container elementor-column-gap-default\">\n<div class=\"elementor-column elementor-col-50 elementor-inner-column elementor-element elementor-element-8bcb4a2\" data-id=\"8bcb4a2\" data-element_type=\"column\">\n<div class=\"elementor-widget-wrap elementor-element-populated\">\n<div class=\"elementor-element elementor-element-eb9504c elementor-widget elementor-widget-heading\" data-id=\"eb9504c\" data-element_type=\"widget\" data-widget_type=\"heading.default\">\n<div class=\"elementor-widget-container\">\n<h4 class=\"elementor-heading-title elementor-size-default\">1. Kit EMG One<\/h4>\n<\/div>\n<\/div>\n<div class=\"elementor-element elementor-element-de9d524 elementor-widget elementor-widget-text-editor\" data-id=\"de9d524\" data-element_type=\"widget\" data-widget_type=\"text-editor.default\">\n<div class=\"elementor-widget-container\">\n<p>Est\u00e1 conformado por un electromi\u00f3grafo port\u00e1til de un canal que se conecta al smartphone o tablet (por ahora solo disponible en Android). Es peque\u00f1o, f\u00e1cil de utilizar y funciona mediante una bater\u00eda interna recargable.<\/p>\n<p>Adem\u00e1s del electromi\u00f3grafo, el kit de EMG One incluye:<\/p>\n<ul>\n<li>Cable USB para carga.<\/li>\n<li>Cable para electrodos con conectores de 2 mm.<\/li>\n<li>Adaptadores para electrodos \u201csnap\u201d (de broche).<\/li>\n<li>Estuche de tapa dura para transporte.<\/li>\n<\/ul>\n<div class=\"elementor-element elementor-element-215bc93 elementor-widget elementor-widget-heading\" data-id=\"215bc93\" data-element_type=\"widget\" data-widget_type=\"heading.default\">\n<div class=\"elementor-widget-container\">\n<h4 class=\"elementor-heading-title elementor-size-default\">2. App para Android<\/h4>\n<\/div>\n<\/div>\n<div class=\"elementor-element elementor-element-ce682d3 elementor-widget elementor-widget-text-editor\" data-id=\"ce682d3\" data-element_type=\"widget\" data-widget_type=\"text-editor.default\">\n<div class=\"elementor-widget-container\">\n<p>Es un juego en el que una Loica que es controlada por la actividad muscular del usuario debe esquivar obst\u00e1culos. Permite realizar entrenamiento utilizando diversos paradigmas: velocidad, fuerza \u2013 resistencia, coordinaci\u00f3n, etc, lo que se aplica a diferentes objetivos de rehabilitaci\u00f3n.<\/p>\n<p>Existen distintos modos de juego, varios personajes y escenarios que hacen la actividad m\u00e1s entretenida.<\/p>\n<div class=\"elementor-element elementor-element-c39da2a elementor-widget elementor-widget-heading\" data-id=\"c39da2a\" data-element_type=\"widget\" data-widget_type=\"heading.default\">\n<div class=\"elementor-widget-container\">\n<h4 class=\"elementor-heading-title elementor-size-default\">3. Servidor de datos<\/h4>\n<\/div>\n<\/div>\n<div class=\"elementor-element elementor-element-5b6976d elementor-widget elementor-widget-text-editor\" data-id=\"5b6976d\" data-element_type=\"widget\" data-widget_type=\"text-editor.default\">\n<div class=\"elementor-widget-container\">\n<p><em>Ahora puedes utilizar tu Emg One con iOS, windows y donde quieras\u2026<\/em><\/p>\n<p><strong>Emg One Loica M<\/strong>, es un software que funciona\u00a0<strong>on line<\/strong>\u00a0a trav\u00e9s de cualquier navegador: Firefox, chrome (recomendado), safari, edge, etc.<\/p>\n<p>Esto permite que se pueda utilizar en cualquier sistema operativo, incluyendo iOS en smarthphones, tablets, laptops y desktops.<\/p>\n<p>Recibe y almacena las sesiones de entrenamiento; descargables en excel, puedes hacer seguimiento a distancia de tus pacientes.<\/p>\n<p><a href=\"https:\/\/loica.waves-tech.cl\/EMG_One_Loica.html\">Prueba la versi\u00f3n Beta aca!<\/a><\/p>\n<\/div>\n<\/div>\n<div class=\"elementor-element elementor-element-27f869e elementor-button-info elementor-align-center elementor-widget elementor-widget-button\" data-id=\"27f869e\" data-element_type=\"widget\" data-widget_type=\"button.default\">\n<div class=\"elementor-widget-container\">\n<div class=\"elementor-button-wrapper\"><a class=\"elementor-button-link elementor-button elementor-size-sm elementor-animation-shrink\" role=\"button\" href=\"https:\/\/emgone.cl\/\" target=\"_blank\" rel=\"nofollow noopener\"><span class=\"elementor-button-content-wrapper\"><span class=\"elementor-button-text\">Servidor EMG One<\/span><\/span><\/a><\/div>\n<\/div>\n<\/div>\n<\/div>\n<\/div>\n<\/div>\n<\/div>\n<\/div>\n<\/div>\n<\/div>\n<\/section>\n<\/div>\n<div aria-hidden=\"false\"><\/div>\n<div class=\"content active\" aria-hidden=\"false\">\n<p>Mas informaci\u00f3n en\u00a0<a href=\"https:\/\/waves-tech.cl\/emg-one\/\">https:\/\/waves-tech.cl\/emg-one\/<\/a><\/p>\n<h2>Caracterist\u00edcas:<\/h2>\n<div id=\"panel2\" class=\"content active\" aria-hidden=\"false\">\n<ul>\n<li>Electromi\u00f3grafo port\u00e1til diferencial de un canal.<\/li>\n<li>Amplificaci\u00f3n de 1000x.<\/li>\n<li>Filtros: pasa alto 10Hz, pasa bajo 450Hz (Sallen-Key).<\/li>\n<li>Bater\u00eda interna se recarga con cable USB (incluido en el kit).<\/li>\n<li>No incluye adaptador a corriente.<\/li>\n<li>Peso del Kit: 350 grs<\/li>\n<li>Tama\u00f1o: 15 x 19 x 5 cm<\/li>\n<li>Requisitos: el tel\u00e9fono o tablet debe tener una entrada de audio y contar con sistema operativo Android.<\/li>\n<\/ul>\n<p>&nbsp;<\/p>\n<\/div>\n<\/div>\n","protected":false},"excerpt":{"rendered":"<p>Descripci\u00f3n Una soluci\u00f3n pr\u00e1ctica y motivadora para la terapia de rehabilitaci\u00f3n Emg One es un dispositivo port\u00e1til, dise\u00f1ado para que los pacientes puedan utilizarlo en casa o donde quiera que se encuentren. Es simple, l\u00fadico y robusto. Emg One te permitir\u00e1 implementar un sistema \u00fanico de Telerehabilitaci\u00f3n en tu consulta, aumentando la efectividad y valor&hellip;&nbsp;<a href=\"https:\/\/tecnofisio.com.ar\/home\/?product=cintamagnetica\" rel=\"bookmark\">Leer m\u00e1s &raquo;<span class=\"screen-reader-text\">EMG One Biofeedback<\/span><\/a><\/p>\n","protected":false},"featured_media":55,"comment_status":"open","ping_status":"closed","template":"","meta":{"neve_meta_sidebar":"","neve_meta_container":"","neve_meta_enable_content_width":"off","neve_meta_content_width":100,"neve_meta_title_alignment":"","neve_meta_author_avatar":"","neve_post_elements_order":"","neve_meta_disable_header":"","neve_meta_disable_footer":"","neve_meta_disable_title":""},"product_brand":[],"product_cat":[15],"product_tag":[],"class_list":{"0":"post-15","1":"product","2":"type-product","3":"status-publish","4":"has-post-thumbnail","6":"product_cat-disfagia","8":"first","9":"instock","10":"shipping-taxable","11":"purchasable","12":"product-type-simple"},"yoast_head":"<!-- This site is optimized with the Yoast SEO plugin v27.5 - https:\/\/yoast.com\/product\/yoast-seo-wordpress\/ -->\n<title>EMG One Biofeedback - tecnofisio store<\/title>\n<meta name=\"description\" content=\"Electromi\u00f3grafo port\u00e1til diferencial de un canal.Amplificaci\u00f3n de 1000x.Filtros: pasa alto 10Hz, pasa bajo 450Hz (Sallen-Key).Bater\u00eda interna se recarga con cable USB (incluido en el kit).No incluye adaptador a corriente.Peso del Kit: 350 grsTama\u00f1o: 15 x 19 x 5 cmRequisitos: el tel\u00e9fono o tablet debe tener una entrada de audio y contar con sistema operativo Android.\" \/>\n<meta name=\"robots\" content=\"index, follow, max-snippet:-1, max-image-preview:large, max-video-preview:-1\" \/>\n<link rel=\"canonical\" href=\"https:\/\/tecnofisio.com.ar\/home\/?product=cintamagnetica\" \/>\n<meta property=\"og:locale\" content=\"es_ES\" \/>\n<meta property=\"og:type\" content=\"article\" \/>\n<meta property=\"og:title\" content=\"EMG One Biofeedback - tecnofisio store\" \/>\n<meta property=\"og:description\" content=\"Electromi\u00f3grafo port\u00e1til diferencial de un canal.Amplificaci\u00f3n de 1000x.Filtros: pasa alto 10Hz, pasa bajo 450Hz (Sallen-Key).Bater\u00eda interna se recarga con cable USB (incluido en el kit).No incluye adaptador a corriente.Peso del Kit: 350 grsTama\u00f1o: 15 x 19 x 5 cmRequisitos: el tel\u00e9fono o tablet debe tener una entrada de audio y contar con sistema operativo Android.\" \/>\n<meta property=\"og:url\" content=\"https:\/\/tecnofisio.com.ar\/home\/?product=cintamagnetica\" \/>\n<meta property=\"og:site_name\" content=\"tecnofisio store\" \/>\n<meta property=\"article:modified_time\" content=\"2024-01-22T17:24:15+00:00\" \/>\n<meta property=\"og:image\" content=\"https:\/\/tecnofisio.com.ar\/home\/wp-content\/uploads\/2022\/10\/Banner-EMG-ONE-e1703218533677-757x1024.png\" \/>\n\t<meta property=\"og:image:width\" content=\"757\" \/>\n\t<meta property=\"og:image:height\" content=\"1024\" \/>\n\t<meta property=\"og:image:type\" content=\"image\/png\" \/>\n<meta name=\"twitter:card\" content=\"summary_large_image\" \/>\n<script type=\"application\/ld+json\" class=\"yoast-schema-graph\">{\"@context\":\"https:\\\/\\\/schema.org\",\"@graph\":[{\"@type\":\"WebPage\",\"@id\":\"https:\\\/\\\/tecnofisio.com.ar\\\/home\\\/?product=cintamagnetica\",\"url\":\"https:\\\/\\\/tecnofisio.com.ar\\\/home\\\/?product=cintamagnetica\",\"name\":\"EMG One Biofeedback - tecnofisio store\",\"isPartOf\":{\"@id\":\"https:\\\/\\\/tecnofisio.com.ar\\\/home\\\/#website\"},\"primaryImageOfPage\":{\"@id\":\"https:\\\/\\\/tecnofisio.com.ar\\\/home\\\/?product=cintamagnetica#primaryimage\"},\"image\":{\"@id\":\"https:\\\/\\\/tecnofisio.com.ar\\\/home\\\/?product=cintamagnetica#primaryimage\"},\"thumbnailUrl\":\"https:\\\/\\\/tecnofisio.com.ar\\\/home\\\/wp-content\\\/uploads\\\/2022\\\/10\\\/Banner-EMG-ONE-e1703218533677.png\",\"datePublished\":\"2022-10-30T08:10:39+00:00\",\"dateModified\":\"2024-01-22T17:24:15+00:00\",\"description\":\"Electromi\u00f3grafo port\u00e1til diferencial de un canal.Amplificaci\u00f3n de 1000x.Filtros: pasa alto 10Hz, pasa bajo 450Hz (Sallen-Key).Bater\u00eda interna se recarga con cable USB (incluido en el kit).No incluye adaptador a corriente.Peso del Kit: 350 grsTama\u00f1o: 15 x 19 x 5 cmRequisitos: el tel\u00e9fono o tablet debe tener una entrada de audio y contar con sistema operativo Android.\",\"breadcrumb\":{\"@id\":\"https:\\\/\\\/tecnofisio.com.ar\\\/home\\\/?product=cintamagnetica#breadcrumb\"},\"inLanguage\":\"es-AR\",\"potentialAction\":[{\"@type\":\"ReadAction\",\"target\":[\"https:\\\/\\\/tecnofisio.com.ar\\\/home\\\/?product=cintamagnetica\"]}]},{\"@type\":\"ImageObject\",\"inLanguage\":\"es-AR\",\"@id\":\"https:\\\/\\\/tecnofisio.com.ar\\\/home\\\/?product=cintamagnetica#primaryimage\",\"url\":\"https:\\\/\\\/tecnofisio.com.ar\\\/home\\\/wp-content\\\/uploads\\\/2022\\\/10\\\/Banner-EMG-ONE-e1703218533677.png\",\"contentUrl\":\"https:\\\/\\\/tecnofisio.com.ar\\\/home\\\/wp-content\\\/uploads\\\/2022\\\/10\\\/Banner-EMG-ONE-e1703218533677.png\",\"width\":3456,\"height\":4677},{\"@type\":\"BreadcrumbList\",\"@id\":\"https:\\\/\\\/tecnofisio.com.ar\\\/home\\\/?product=cintamagnetica#breadcrumb\",\"itemListElement\":[{\"@type\":\"ListItem\",\"position\":1,\"name\":\"Inicio\",\"item\":\"https:\\\/\\\/tecnofisio.com.ar\\\/home\\\/\"},{\"@type\":\"ListItem\",\"position\":2,\"name\":\"Tienda\",\"item\":\"https:\\\/\\\/tecnofisio.com.ar\\\/home\\\/\"},{\"@type\":\"ListItem\",\"position\":3,\"name\":\"EMG One Biofeedback\"}]},{\"@type\":\"WebSite\",\"@id\":\"https:\\\/\\\/tecnofisio.com.ar\\\/home\\\/#website\",\"url\":\"https:\\\/\\\/tecnofisio.com.ar\\\/home\\\/\",\"name\":\"tecnofisio store\",\"description\":\"\",\"publisher\":{\"@id\":\"https:\\\/\\\/tecnofisio.com.ar\\\/home\\\/#organization\"},\"potentialAction\":[{\"@type\":\"SearchAction\",\"target\":{\"@type\":\"EntryPoint\",\"urlTemplate\":\"https:\\\/\\\/tecnofisio.com.ar\\\/home\\\/?s={search_term_string}\"},\"query-input\":{\"@type\":\"PropertyValueSpecification\",\"valueRequired\":true,\"valueName\":\"search_term_string\"}}],\"inLanguage\":\"es-AR\"},{\"@type\":\"Organization\",\"@id\":\"https:\\\/\\\/tecnofisio.com.ar\\\/home\\\/#organization\",\"name\":\"tecnofisio store\",\"url\":\"https:\\\/\\\/tecnofisio.com.ar\\\/home\\\/\",\"logo\":{\"@type\":\"ImageObject\",\"inLanguage\":\"es-AR\",\"@id\":\"https:\\\/\\\/tecnofisio.com.ar\\\/home\\\/#\\\/schema\\\/logo\\\/image\\\/\",\"url\":\"https:\\\/\\\/tecnofisio.com.ar\\\/home\\\/wp-content\\\/uploads\\\/2022\\\/10\\\/cropped-LogoMakr-1blC33.png\",\"contentUrl\":\"https:\\\/\\\/tecnofisio.com.ar\\\/home\\\/wp-content\\\/uploads\\\/2022\\\/10\\\/cropped-LogoMakr-1blC33.png\",\"width\":200,\"height\":138,\"caption\":\"tecnofisio store\"},\"image\":{\"@id\":\"https:\\\/\\\/tecnofisio.com.ar\\\/home\\\/#\\\/schema\\\/logo\\\/image\\\/\"}}]}<\/script>\n<!-- \/ Yoast SEO plugin. -->","yoast_head_json":{"title":"EMG One Biofeedback - tecnofisio store","description":"Electromi\u00f3grafo port\u00e1til diferencial de un canal.Amplificaci\u00f3n de 1000x.Filtros: pasa alto 10Hz, pasa bajo 450Hz (Sallen-Key).Bater\u00eda interna se recarga con cable USB (incluido en el kit).No incluye adaptador a corriente.Peso del Kit: 350 grsTama\u00f1o: 15 x 19 x 5 cmRequisitos: el tel\u00e9fono o tablet debe tener una entrada de audio y contar con sistema operativo Android.","robots":{"index":"index","follow":"follow","max-snippet":"max-snippet:-1","max-image-preview":"max-image-preview:large","max-video-preview":"max-video-preview:-1"},"canonical":"https:\/\/tecnofisio.com.ar\/home\/?product=cintamagnetica","og_locale":"es_ES","og_type":"article","og_title":"EMG One Biofeedback - tecnofisio store","og_description":"Electromi\u00f3grafo port\u00e1til diferencial de un canal.Amplificaci\u00f3n de 1000x.Filtros: pasa alto 10Hz, pasa bajo 450Hz (Sallen-Key).Bater\u00eda interna se recarga con cable USB (incluido en el kit).No incluye adaptador a corriente.Peso del Kit: 350 grsTama\u00f1o: 15 x 19 x 5 cmRequisitos: el tel\u00e9fono o tablet debe tener una entrada de audio y contar con sistema operativo Android.","og_url":"https:\/\/tecnofisio.com.ar\/home\/?product=cintamagnetica","og_site_name":"tecnofisio store","article_modified_time":"2024-01-22T17:24:15+00:00","og_image":[{"width":757,"height":1024,"url":"https:\/\/tecnofisio.com.ar\/home\/wp-content\/uploads\/2022\/10\/Banner-EMG-ONE-e1703218533677-757x1024.png","type":"image\/png"}],"twitter_card":"summary_large_image","schema":{"@context":"https:\/\/schema.org","@graph":[{"@type":"WebPage","@id":"https:\/\/tecnofisio.com.ar\/home\/?product=cintamagnetica","url":"https:\/\/tecnofisio.com.ar\/home\/?product=cintamagnetica","name":"EMG One Biofeedback - tecnofisio store","isPartOf":{"@id":"https:\/\/tecnofisio.com.ar\/home\/#website"},"primaryImageOfPage":{"@id":"https:\/\/tecnofisio.com.ar\/home\/?product=cintamagnetica#primaryimage"},"image":{"@id":"https:\/\/tecnofisio.com.ar\/home\/?product=cintamagnetica#primaryimage"},"thumbnailUrl":"https:\/\/tecnofisio.com.ar\/home\/wp-content\/uploads\/2022\/10\/Banner-EMG-ONE-e1703218533677.png","datePublished":"2022-10-30T08:10:39+00:00","dateModified":"2024-01-22T17:24:15+00:00","description":"Electromi\u00f3grafo port\u00e1til diferencial de un canal.Amplificaci\u00f3n de 1000x.Filtros: pasa alto 10Hz, pasa bajo 450Hz (Sallen-Key).Bater\u00eda interna se recarga con cable USB (incluido en el kit).No incluye adaptador a corriente.Peso del Kit: 350 grsTama\u00f1o: 15 x 19 x 5 cmRequisitos: el tel\u00e9fono o tablet debe tener una entrada de audio y contar con sistema operativo Android.","breadcrumb":{"@id":"https:\/\/tecnofisio.com.ar\/home\/?product=cintamagnetica#breadcrumb"},"inLanguage":"es-AR","potentialAction":[{"@type":"ReadAction","target":["https:\/\/tecnofisio.com.ar\/home\/?product=cintamagnetica"]}]},{"@type":"ImageObject","inLanguage":"es-AR","@id":"https:\/\/tecnofisio.com.ar\/home\/?product=cintamagnetica#primaryimage","url":"https:\/\/tecnofisio.com.ar\/home\/wp-content\/uploads\/2022\/10\/Banner-EMG-ONE-e1703218533677.png","contentUrl":"https:\/\/tecnofisio.com.ar\/home\/wp-content\/uploads\/2022\/10\/Banner-EMG-ONE-e1703218533677.png","width":3456,"height":4677},{"@type":"BreadcrumbList","@id":"https:\/\/tecnofisio.com.ar\/home\/?product=cintamagnetica#breadcrumb","itemListElement":[{"@type":"ListItem","position":1,"name":"Inicio","item":"https:\/\/tecnofisio.com.ar\/home\/"},{"@type":"ListItem","position":2,"name":"Tienda","item":"https:\/\/tecnofisio.com.ar\/home\/"},{"@type":"ListItem","position":3,"name":"EMG One Biofeedback"}]},{"@type":"WebSite","@id":"https:\/\/tecnofisio.com.ar\/home\/#website","url":"https:\/\/tecnofisio.com.ar\/home\/","name":"tecnofisio store","description":"","publisher":{"@id":"https:\/\/tecnofisio.com.ar\/home\/#organization"},"potentialAction":[{"@type":"SearchAction","target":{"@type":"EntryPoint","urlTemplate":"https:\/\/tecnofisio.com.ar\/home\/?s={search_term_string}"},"query-input":{"@type":"PropertyValueSpecification","valueRequired":true,"valueName":"search_term_string"}}],"inLanguage":"es-AR"},{"@type":"Organization","@id":"https:\/\/tecnofisio.com.ar\/home\/#organization","name":"tecnofisio store","url":"https:\/\/tecnofisio.com.ar\/home\/","logo":{"@type":"ImageObject","inLanguage":"es-AR","@id":"https:\/\/tecnofisio.com.ar\/home\/#\/schema\/logo\/image\/","url":"https:\/\/tecnofisio.com.ar\/home\/wp-content\/uploads\/2022\/10\/cropped-LogoMakr-1blC33.png","contentUrl":"https:\/\/tecnofisio.com.ar\/home\/wp-content\/uploads\/2022\/10\/cropped-LogoMakr-1blC33.png","width":200,"height":138,"caption":"tecnofisio store"},"image":{"@id":"https:\/\/tecnofisio.com.ar\/home\/#\/schema\/logo\/image\/"}}]}},"_links":{"self":[{"href":"https:\/\/tecnofisio.com.ar\/home\/index.php?rest_route=\/wp\/v2\/product\/15","targetHints":{"allow":["GET"]}}],"collection":[{"href":"https:\/\/tecnofisio.com.ar\/home\/index.php?rest_route=\/wp\/v2\/product"}],"about":[{"href":"https:\/\/tecnofisio.com.ar\/home\/index.php?rest_route=\/wp\/v2\/types\/product"}],"replies":[{"embeddable":true,"href":"https:\/\/tecnofisio.com.ar\/home\/index.php?rest_route=%2Fwp%2Fv2%2Fcomments&post=15"}],"wp:featuredmedia":[{"embeddable":true,"href":"https:\/\/tecnofisio.com.ar\/home\/index.php?rest_route=\/wp\/v2\/media\/55"}],"wp:attachment":[{"href":"https:\/\/tecnofisio.com.ar\/home\/index.php?rest_route=%2Fwp%2Fv2%2Fmedia&parent=15"}],"wp:term":[{"taxonomy":"product_brand","embeddable":true,"href":"https:\/\/tecnofisio.com.ar\/home\/index.php?rest_route=%2Fwp%2Fv2%2Fproduct_brand&post=15"},{"taxonomy":"product_cat","embeddable":true,"href":"https:\/\/tecnofisio.com.ar\/home\/index.php?rest_route=%2Fwp%2Fv2%2Fproduct_cat&post=15"},{"taxonomy":"product_tag","embeddable":true,"href":"https:\/\/tecnofisio.com.ar\/home\/index.php?rest_route=%2Fwp%2Fv2%2Fproduct_tag&post=15"}],"curies":[{"name":"wp","href":"https:\/\/api.w.org\/{rel}","templated":true}]}}